{"id":98,"date":"2025-07-01T15:18:56","date_gmt":"2025-07-01T15:18:56","guid":{"rendered":"https:\/\/motos.luisdeyrissarri.com\/?post_type=product&#038;p=98"},"modified":"2025-10-04T08:50:39","modified_gmt":"2025-10-04T08:50:39","slug":"ktm-1290-super-adventure-s","status":"publish","type":"product","link":"https:\/\/valsebike.com\/alquiler-motos-gran-canaria\/alquiler\/ktm-1290-super-adventure-s\/","title":{"rendered":"KTM 1290 SUPER ADVENTURE S"},"content":{"rendered":"","protected":false},"excerpt":{"rendered":"<p data-start=\"113\" data-end=\"218\"><strong data-start=\"49\" data-end=\"109\">KTM 1290 SUPER ADVENTURE S \u2013 Viajar nunca fue tan bestia<\/strong><\/p>\n<p data-start=\"113\" data-end=\"218\">Potencia, tecnolog\u00eda y confort al m\u00e1ximo nivel. La KTM 1290 SUPER ADVENTURE S est\u00e1 dise\u00f1ada para devorar kil\u00f3metros con absoluta autoridad, tanto en asfalto como fuera de \u00e9l. Para quienes quieren llegar lejos\u2026 muy lejos.<\/p>\n","protected":false},"featured_media":598,"comment_status":"closed","ping_status":"closed","template":"","meta":[],"product_brand":[25],"product_cat":[15,22,52,24],"product_tag":[],"class_list":{"0":"post-98","1":"product","2":"type-product","3":"status-publish","4":"has-post-thumbnail","6":"product_brand-motos-ktm-gran-canaria","7":"product_cat-motos-carretera-gran-canaria","8":"product_cat-motos-carnet-a-gran-canaria","9":"product_cat-motos-ktm","10":"product_cat-motos-off-road-gran-canaria","12":"first","13":"instock","14":"virtual","15":"taxable","16":"purchasable","17":"product-type-redq_rental"},"yoast_head":"<!-- This site is optimized with the Yoast SEO plugin v25.9 - https:\/\/yoast.com\/wordpress\/plugins\/seo\/ -->\n<title>KTM 1290 SUPER ADVENTURE S &#187; Alquiler de Motos en Gran Canaria<\/title>\n<meta name=\"robots\" content=\"index, follow, max-snippet:-1, max-image-preview:large, max-video-preview:-1\" \/>\n<link rel=\"canonical\" href=\"https:\/\/valsebike.com\/alquiler-motos-gran-canaria\/alquiler\/ktm-1290-super-adventure-s\/\" \/>\n<meta property=\"og:locale\" content=\"es_ES\" \/>\n<meta property=\"og:type\" content=\"article\" \/>\n<meta property=\"og:title\" content=\"KTM 1290 SUPER ADVENTURE S &#187; Alquiler de Motos en Gran Canaria\" \/>\n<meta property=\"og:description\" content=\"KTM 1290 SUPER ADVENTURE S \u2013 Viajar nunca fue tan bestia Potencia, tecnolog\u00eda y confort al m\u00e1ximo nivel. La KTM 1290 SUPER ADVENTURE S est\u00e1 dise\u00f1ada para devorar kil\u00f3metros con absoluta autoridad, tanto en asfalto como fuera de \u00e9l. Para quienes quieren llegar lejos\u2026 muy lejos.\" \/>\n<meta property=\"og:url\" content=\"https:\/\/valsebike.com\/alquiler-motos-gran-canaria\/alquiler\/ktm-1290-super-adventure-s\/\" \/>\n<meta property=\"og:site_name\" content=\"Alquiler de Motos en Gran Canaria\" \/>\n<meta property=\"article:publisher\" content=\"https:\/\/www.facebook.com\/ValsebikeMotos\" \/>\n<meta property=\"article:modified_time\" content=\"2025-10-04T08:50:39+00:00\" \/>\n<meta property=\"og:image\" content=\"https:\/\/valsebike.com\/alquiler-motos-gran-canaria\/wp-content\/uploads\/2025\/07\/alquiler-ktm-1290-super-adventure-s-gran-canaria.jpg.jpg\" \/>\n\t<meta property=\"og:image:width\" content=\"1200\" \/>\n\t<meta property=\"og:image:height\" content=\"1200\" \/>\n\t<meta property=\"og:image:type\" content=\"image\/jpeg\" \/>\n<meta name=\"twitter:card\" content=\"summary_large_image\" \/>\n<!-- \/ Yoast SEO plugin. -->","yoast_head_json":{"title":"KTM 1290 SUPER ADVENTURE S &#187; Alquiler de Motos en Gran Canaria","robots":{"index":"index","follow":"follow","max-snippet":"max-snippet:-1","max-image-preview":"max-image-preview:large","max-video-preview":"max-video-preview:-1"},"canonical":"https:\/\/valsebike.com\/alquiler-motos-gran-canaria\/alquiler\/ktm-1290-super-adventure-s\/","og_locale":"es_ES","og_type":"article","og_title":"KTM 1290 SUPER ADVENTURE S &#187; Alquiler de Motos en Gran Canaria","og_description":"KTM 1290 SUPER ADVENTURE S \u2013 Viajar nunca fue tan bestia Potencia, tecnolog\u00eda y confort al m\u00e1ximo nivel. La KTM 1290 SUPER ADVENTURE S est\u00e1 dise\u00f1ada para devorar kil\u00f3metros con absoluta autoridad, tanto en asfalto como fuera de \u00e9l. Para quienes quieren llegar lejos\u2026 muy lejos.","og_url":"https:\/\/valsebike.com\/alquiler-motos-gran-canaria\/alquiler\/ktm-1290-super-adventure-s\/","og_site_name":"Alquiler de Motos en Gran Canaria","article_publisher":"https:\/\/www.facebook.com\/ValsebikeMotos","article_modified_time":"2025-10-04T08:50:39+00:00","og_image":[{"width":1200,"height":1200,"url":"https:\/\/valsebike.com\/alquiler-motos-gran-canaria\/wp-content\/uploads\/2025\/07\/alquiler-ktm-1290-super-adventure-s-gran-canaria.jpg.jpg","type":"image\/jpeg"}],"twitter_card":"summary_large_image","schema":{"@context":"https:\/\/schema.org","@graph":[{"@type":"WebPage","@id":"https:\/\/valsebike.com\/alquiler-motos-gran-canaria\/alquiler\/ktm-1290-super-adventure-s\/","url":"https:\/\/valsebike.com\/alquiler-motos-gran-canaria\/alquiler\/ktm-1290-super-adventure-s\/","name":"KTM 1290 SUPER ADVENTURE S &#187; Alquiler de Motos en Gran Canaria","isPartOf":{"@id":"https:\/\/valsebike.com\/alquiler-motos-gran-canaria\/#website"},"primaryImageOfPage":{"@id":"https:\/\/valsebike.com\/alquiler-motos-gran-canaria\/alquiler\/ktm-1290-super-adventure-s\/#primaryimage"},"image":{"@id":"https:\/\/valsebike.com\/alquiler-motos-gran-canaria\/alquiler\/ktm-1290-super-adventure-s\/#primaryimage"},"thumbnailUrl":"https:\/\/valsebike.com\/alquiler-motos-gran-canaria\/wp-content\/uploads\/2025\/07\/alquiler-ktm-1290-super-adventure-s-gran-canaria.jpg.jpg","datePublished":"2025-07-01T15:18:56+00:00","dateModified":"2025-10-04T08:50:39+00:00","breadcrumb":{"@id":"https:\/\/valsebike.com\/alquiler-motos-gran-canaria\/alquiler\/ktm-1290-super-adventure-s\/#breadcrumb"},"inLanguage":"es","potentialAction":[{"@type":"ReadAction","target":["https:\/\/valsebike.com\/alquiler-motos-gran-canaria\/alquiler\/ktm-1290-super-adventure-s\/"]}]},{"@type":"ImageObject","inLanguage":"es","@id":"https:\/\/valsebike.com\/alquiler-motos-gran-canaria\/alquiler\/ktm-1290-super-adventure-s\/#primaryimage","url":"https:\/\/valsebike.com\/alquiler-motos-gran-canaria\/wp-content\/uploads\/2025\/07\/alquiler-ktm-1290-super-adventure-s-gran-canaria.jpg.jpg","contentUrl":"https:\/\/valsebike.com\/alquiler-motos-gran-canaria\/wp-content\/uploads\/2025\/07\/alquiler-ktm-1290-super-adventure-s-gran-canaria.jpg.jpg","width":1200,"height":1200,"caption":"KTM 1290 Super Adventure S en alquiler en Gran Canaria"},{"@type":"BreadcrumbList","@id":"https:\/\/valsebike.com\/alquiler-motos-gran-canaria\/alquiler\/ktm-1290-super-adventure-s\/#breadcrumb","itemListElement":[{"@type":"ListItem","position":1,"name":"Home","item":"https:\/\/valsebike.com\/alquiler-motos-gran-canaria\/"},{"@type":"ListItem","position":2,"name":"Alquiler de motos en Gran Canaria","item":"https:\/\/valsebike.com\/alquiler-motos-gran-canaria\/tienda\/"},{"@type":"ListItem","position":3,"name":"KTM 1290 SUPER ADVENTURE S"}]},{"@type":"WebSite","@id":"https:\/\/valsebike.com\/alquiler-motos-gran-canaria\/#website","url":"https:\/\/valsebike.com\/alquiler-motos-gran-canaria\/","name":"Alquiler de Motos en Gran Canaria","description":"Valsebike Moto Rent","publisher":{"@id":"https:\/\/valsebike.com\/alquiler-motos-gran-canaria\/#organization"},"potentialAction":[{"@type":"SearchAction","target":{"@type":"EntryPoint","urlTemplate":"https:\/\/valsebike.com\/alquiler-motos-gran-canaria\/?s={search_term_string}"},"query-input":{"@type":"PropertyValueSpecification","valueRequired":true,"valueName":"search_term_string"}}],"inLanguage":"es"},{"@type":"Organization","@id":"https:\/\/valsebike.com\/alquiler-motos-gran-canaria\/#organization","name":"Alquiler de Motos en Gran Canaria","url":"https:\/\/valsebike.com\/alquiler-motos-gran-canaria\/","logo":{"@type":"ImageObject","inLanguage":"es","@id":"https:\/\/valsebike.com\/alquiler-motos-gran-canaria\/#\/schema\/logo\/image\/","url":"https:\/\/valsebike.com\/alquiler-motos-gran-canaria\/wp-content\/uploads\/2025\/07\/Logo-Valsebike-1.png","contentUrl":"https:\/\/valsebike.com\/alquiler-motos-gran-canaria\/wp-content\/uploads\/2025\/07\/Logo-Valsebike-1.png","width":448,"height":90,"caption":"Alquiler de Motos en Gran Canaria"},"image":{"@id":"https:\/\/valsebike.com\/alquiler-motos-gran-canaria\/#\/schema\/logo\/image\/"},"sameAs":["https:\/\/www.facebook.com\/ValsebikeMotos","https:\/\/www.instagram.com\/valsebike_motos\/","https:\/\/www.tiktok.com\/@valsebikemotos"]}]}},"lang":"es","translations":{"es":98,"en":413},"pll_sync_post":[],"_links":{"self":[{"href":"https:\/\/valsebike.com\/alquiler-motos-gran-canaria\/wp-json\/wp\/v2\/product\/98","targetHints":{"allow":["GET"]}}],"collection":[{"href":"https:\/\/valsebike.com\/alquiler-motos-gran-canaria\/wp-json\/wp\/v2\/product"}],"about":[{"href":"https:\/\/valsebike.com\/alquiler-motos-gran-canaria\/wp-json\/wp\/v2\/types\/product"}],"replies":[{"embeddable":true,"href":"https:\/\/valsebike.com\/alquiler-motos-gran-canaria\/wp-json\/wp\/v2\/comments?post=98"}],"wp:featuredmedia":[{"embeddable":true,"href":"https:\/\/valsebike.com\/alquiler-motos-gran-canaria\/wp-json\/wp\/v2\/media\/598"}],"wp:attachment":[{"href":"https:\/\/valsebike.com\/alquiler-motos-gran-canaria\/wp-json\/wp\/v2\/media?parent=98"}],"wp:term":[{"taxonomy":"product_brand","embeddable":true,"href":"https:\/\/valsebike.com\/alquiler-motos-gran-canaria\/wp-json\/wp\/v2\/product_brand?post=98"},{"taxonomy":"product_cat","embeddable":true,"href":"https:\/\/valsebike.com\/alquiler-motos-gran-canaria\/wp-json\/wp\/v2\/product_cat?post=98"},{"taxonomy":"product_tag","embeddable":true,"href":"https:\/\/valsebike.com\/alquiler-motos-gran-canaria\/wp-json\/wp\/v2\/product_tag?post=98"}],"curies":[{"name":"wp","href":"https:\/\/api.w.org\/{rel}","templated":true}]}}